{"id":742,"date":"2014-10-26T17:53:51","date_gmt":"2014-10-26T16:53:51","guid":{"rendered":"http:\/\/mozdzer.akarso.netrax.pl\/?page_id=742"},"modified":"2018-01-26T14:07:03","modified_gmt":"2018-01-26T13:07:03","slug":"biography","status":"publish","type":"page","link":"https:\/\/mozdzer.com\/en\/about\/biography\/","title":{"rendered":"Biography"},"content":{"rendered":"<p>An outstanding pianist, composer and producer, Leszek Mo\u017cd\u017cer is widely considered to be Polish Jazz\u2019s greatest revelation of the last decade. Born in 1971, he has been playing the piano since the age of five. He completed every stage of formal education until graduating in 1996 from the Stanis\u0142aw Moniuszko Academy of Music in Gda\u0144sk. He became interested in jazz relatively late \u2013 in his last grade \u2013 when he was 18. He was introduced to jazz in the band of Emil Kowalski, a clarinet player, but his proper start took place at his first rehearsal with a band called Mi\u0142o\u015b\u0107 (Love) back in 1991. One year later he received an individual award at the International Jazz Competition Jazz Juniors \u201992 held in Cracow. He was also a member of the Zbigniew Namys\u0142owski Quartet. In the poll organized among Jazz Forum readers Mo\u017cd\u017cer was chosen as the Most Promising Musician of the year 1993 and 1994, and the Best Jazz Pianist \u2013 in each consecutive year since 1994. Leszek was also many times honored as The Musician of the Year.<\/p>\n<p>On many occasions Leszek Mo\u017cd\u017cer recorded music with Zbigniew Preisner (Requiem for my friend, 10 easy pieces for piano). He also works on a regular basis with Jan Kaczmarek, Polish composer living in LA, while recording music scores (for 20th Century Fox and Miramax). He has been invited to perform jointly with the most gifted and renowned Polish jazz musicians, such as: Tomasz Sta\u0144ko, Janusz Muniak, Micha\u0142 Urbaniak, Anna Maria Jopek, Adam Piero\u0144czyk and Piotr Wojtasik.<\/p>\n<p>Mo\u017cd\u017cer has also performed and recorded with many internationally acclaimed musicians, including David Friesen, Pat Metheny, Arthur Blythe, Buster Williams, Billy Harper, Joe Lovano, Archi Shepp, David Liebman, Charles Fox, Lester Bowie, David Gilmour, Marcus Miller, John Scofield, Steve Swallow, Eddie Daniels and Tan Dun.<\/p>\n<p>Since 2011 Leszek Mo\u017cd\u017cer has been the Artistic director of the music festival, Enter Music Festival, held annually in Pozna\u0144, on the Lake Strzeszy\u0144skim shoreline.<\/p>\n<p>Leszek Mo\u017cd\u017cer has recorded over 100 albums, many of them released under his name:<\/p>\n<p>Chopin \u2013 impressions, 1994<\/p>\n<p>Makowicz vs Mo\u017cd\u017cer\u00a0 At The Carnegie Hall NYC, EMI 2004<\/p>\n<p>PIANO, Arms Records 2004<\/p>\n<p>The Time \u2013 Mo\u017cd\u017cer, Danielsson, Fresco; Outside Music 2005 (Double Platinum Award two months after premiere, now it\u2019s Diamond)<\/p>\n<p>Between Us And The Light \u2013 Mo\u017cd\u017cer, Danielsson, Fresco; Outside Music 2006 (Double Platinum Award two weeks after premiere)<\/p>\n<p>Pasodoble \u2013 Lars Danielsson &amp; Leszek Mo\u017cd\u017cer; ACT 2007<\/p>\n<p>Live CD&amp;DVD \u2013 Mo\u017cd\u017cer, Danielsson, Fresco; Outside Music 2007<\/p>\n<p>Firebird VII \u2013 Phil Manzanera, Leszek Mo\u017cd\u017cer, Charles Hayward, Yaron Stavi; Expression Records 2008<\/p>\n<p>Kaczmarek by Mo\u017cd\u017cer, Universal 2010 (Platinum Award)<\/p>\n<p>Komeda \u2013 Leszek Mo\u017cd\u017cer, Act Music 2011 (Double Platinum Award)<\/p>\n<p>The Last Set, Live at the A-Trane \u2013 Leszek Mo\u017cd\u017cer &amp; Walter Norris, Act Music 2012<\/p>\n<p>Wszystkie Kobiety Mateusza, Outside Music 2013<\/p>\n<p>Jazz at Berlin Philharmonic I with Iiro Rantala and Michael Wollny, Act Music 2013<\/p>\n<p>Polska \u2013 Mo\u017cd\u017cer Danielsson Fresco, Outside Music\/Act Music 2013 (Double Platinum Award)<\/p>\n<p>The Very Best of Leszek Mo\u017cd\u017cer, Magic Records 2014<\/p>\n<p>Jazz at Berlin Philharmonic III with Lars Danielsson, Zohar Fresco and Atom String Quartet, Act Music 2015<\/p>\n<p>Jazz at Berlin Philharmonic VII Piano Night with Iiro Rantala and Michael Wollny, Act Music 2017<\/p>\n<p>Earth Particles with Holland Baroque, Outside Music 2017<\/p>\n<p>&nbsp;<\/p>\n<p>The list of his theatrical and film scores projects is also quite remarkable:<\/p>\n<p>\u201eHair \u2013 love, rock musical\u201d \u2013 Musical Theatre in Gdynia<\/p>\n<p>\u201eTango with Lady M.\u201d \u2013 Polish Theatre of Dance in Pozna\u0144<\/p>\n<p>\u201eA Midsummer Night\u2019s Dream\u201d \u2013 Musical Theatre in Gdynia, October 2001<\/p>\n<p>\u201ePsychosis\u201d by Sarah Kane, directed by Grzegorz Jarzyna, Duesseldorfer Schauspielhouse<\/p>\n<p>\u201eRewizor\u201d by M. Gogol, directed by Andrzej Domalik, Teatr Dramatyczny in Warsaw, 2002<\/p>\n<p>\u201eMandarynki i Pomara\u0144cze\u201d by Julian Tuwim, directed by Wojciech Ko\u015bcielniak, Capitol \u2013 Music Theatre, Wroc\u0142aw 2003<\/p>\n<p>\u201e\u015aluby Panie\u0144skie\u201d by Aleksander Fredro, directed by Jan Englert, National Theatre, Warsaw 2007<\/p>\n<p>\u201eOperetka\u201d by Witold Gombrowicz, directed by Micha\u0142 Zadara, Capitol \u2013 Music Theatre, Wroc\u0142aw 2007<\/p>\n<p>\u201eCat on a Hot Tin Roof\u201d by Tennessee Williams, directed by Grzegorz Chrapkiewicz, National Theatre in Warsaw, 2013<\/p>\n<p>\u201eNienasycenie\u201d directed by Witold Grodecki<\/p>\n<p>\u201ePub 700\u201d , \u201eOstatnia wieczerza\u201d directed by Sylwester Latkowski<\/p>\n<p>\u201eLand of Oblivion\u201d directed by Michale Boganim<\/p>\n<p>\u201eW sypialni\u201d directed by Tomasz Wasilewski<\/p>\n<p>\u201eWszystkie kobiety Mateusza\u201d directed by Artur Wi\u0119cek \u201eBaron\u201d<\/p>\n<p>\u201e Albert Cinema\u201d directed by Agnieszka Zwiefka<\/p>\n<p>\u201eOpera z myd\u0142a\u201d directed by BodoKox<\/p>\n<p>His variations and improvisations on the themes by Fryderyk Chopin have further strengthened his artistic position and ranked him among the most outstanding individuals and virtuosos of the European jazz stage.<\/p>\n","protected":false},"excerpt":{"rendered":"<p>An outstanding pianist, composer and producer, Leszek Mo\u017cd\u017cer is widely considered to be Polish Jazz\u2019s greatest revelation of the last decade. Born in 1971, he has&#8230;<\/p>\n","protected":false},"author":1,"featured_media":5622,"parent":740,"menu_order":0,"comment_status":"open","ping_status":"open","template":"p-about.php","meta":[],"_links":{"self":[{"href":"https:\/\/mozdzer.com\/en\/wp-json\/wp\/v2\/pages\/742"}],"collection":[{"href":"https:\/\/mozdzer.com\/en\/wp-json\/wp\/v2\/pages"}],"about":[{"href":"https:\/\/mozdzer.com\/en\/wp-json\/wp\/v2\/types\/page"}],"author":[{"embeddable":true,"href":"https:\/\/mozdzer.com\/en\/wp-json\/wp\/v2\/users\/1"}],"replies":[{"embeddable":true,"href":"https:\/\/mozdzer.com\/en\/wp-json\/wp\/v2\/comments?post=742"}],"version-history":[{"count":20,"href":"https:\/\/mozdzer.com\/en\/wp-json\/wp\/v2\/pages\/742\/revisions"}],"predecessor-version":[{"id":6868,"href":"https:\/\/mozdzer.com\/en\/wp-json\/wp\/v2\/pages\/742\/revisions\/6868"}],"up":[{"embeddable":true,"href":"https:\/\/mozdzer.com\/en\/wp-json\/wp\/v2\/pages\/740"}],"wp:featuredmedia":[{"embeddable":true,"href":"https:\/\/mozdzer.com\/en\/wp-json\/wp\/v2\/media\/5622"}],"wp:attachment":[{"href":"https:\/\/mozdzer.com\/en\/wp-json\/wp\/v2\/media?parent=742"}],"curies":[{"name":"wp","href":"https:\/\/api.w.org\/{rel}","templated":true}]}}