{"id":166,"date":"2014-10-26T17:53:51","date_gmt":"2014-10-26T17:53:51","guid":{"rendered":"http:\/\/maximilianherbst.com\/www\/mozdzer_v4\/?page_id=166"},"modified":"2018-01-26T14:08:37","modified_gmt":"2018-01-26T13:08:37","slug":"biografia","status":"publish","type":"page","link":"https:\/\/mozdzer.com\/pl\/o-mnie\/biografia\/","title":{"rendered":"Biografia"},"content":{"rendered":"<p>Leszek Mo\u017cd\u017cer jest jednym z najwybitniejszych polskich muzyk\u00f3w jazzowych. To pianista \u015bwiatowej klasy, odwa\u017cny eksplorator i oryginalny tw\u00f3rca, wyr\u00f3\u017cniaj\u0105cy si\u0119 w\u0142asnym j\u0119zykiem muzycznym. Urodzi\u0142 si\u0119 23 marca 1971 roku w Gda\u0144sku. Nauk\u0119 gry na fortepianie rozpocz\u0105\u0142 w pi\u0105tym roku \u017cycia i przeszed\u0142szy wszystkie szczeble edukacji uzyska\u0142 dyplom gda\u0144skiej Akademii Muzycznej w 1996 roku. Jazzem zainteresowa\u0142 si\u0119 w klasie maturalnej. Ostrogi zdoby\u0142 w zespole klarnecisty Emila Kowalskiego, a pierwsz\u0105 pr\u00f3b\u0119 z zespo\u0142em Mi\u0142o\u015b\u0107 odby\u0142 na swoje 20 urodziny. We wczesnych latach dzia\u0142alno\u015bci muzycznej by\u0142 r\u00f3wnie\u017c cz\u0142onkiem kwartetu Zbigniewa Namys\u0142owskiego. W roku 1992 otrzyma\u0142 wyr\u00f3\u017cnienie indywidualne na Jazz Juniors i by\u0142a to pierwsza kropla obfitego deszczu nagr\u00f3d, jakie mia\u0142y spa\u015b\u0107 na niego przez nast\u0119pne lata. Od tamtego czasu zwyci\u0119\u017ca\u0142 we wszystkich kolejnych ankietach czytelnik\u00f3w \u201eJazz Forum\u201d w kategorii \u2018Fortepian\u2019 i zosta\u0142 te\u017c wielokrotnie uznany Muzykiem Roku.<\/p>\n<p>Leszek Mo\u017cd\u017cer nagrywa\u0142 p\u0142yty z najwybitniejszymi polskimi muzykami jazzowymi: Tomaszem Sta\u0144k\u0105 (Po\u017cegnanie z Mari\u0105), Januszem Muniakiem (One And Four), Micha\u0142em Urbaniakiem (Live In Holy City), Piotrem Wojtasikiem (Lonely City i Quest z Billym Harperem oraz Hope z Dave\u2019em Liebmanem), Adamem Piero\u0144czykiem (Live In Sofia i 19-9-1999), Henrykiem Mi\u015bkiewiczem (Ja nie chc\u0119 spa\u0107), Ann\u0105 Mari\u0105 Jopek (m.in. Bosa, Barefoot, Upojenie, Farat). Nagrywa\u0142 te\u017c ze Zbigniewem Preisnerem (m.in. przy Requiem dla mojego przyjaciela oraz 10 \u0142atwych utworach na fortepian). Od lat wsp\u00f3\u0142pracuje r\u00f3wnie\u017c z mieszkaj\u0105cym w Los Angeles Janem Kaczmarkiem (nagrania dla wytw\u00f3rni 20th Century Fox oraz Mira Max)\u2013 wliczaj\u0105c w to nagranie nagrodzonej Oscarem muzyki do Finding Neverland.<\/p>\n<p>Mo\u017cd\u017cer koncertowa\u0142 i nagrywa\u0142 te\u017c z mi\u0119dzynarodowymi gwiazdami takimi jak : David Friesen, Pat Metheny, Arthur Blythe, Buster Williams, Billy Harper, Joe Lovano, Archi Shepp, David Liebman, Charles Fox, Lester Bowie, David Gilmour, Marcus Miller, John Scofield, Steve Swallow, Eddi Daniels, Tan Dun. Pianista najpe\u0142niej odnajduje si\u0119 w projektach solowych i autorskiego trio z Larsem Danielssonem i Zoharem Fresco.<\/p>\n<p>Od roku 2011 Leszek Mo\u017cd\u017cer jest Dyrektorem artystycznym plenerowego festiwalu muzycznego nad Jeziorem Strzeszy\u0144skim w Poznaniu \u2013 Enter Music Festival.<\/p>\n<p>Do chwili obecnej Leszek Mo\u017cd\u017cer nagra\u0142 ponad 100 album\u00f3w, w tym wiele pod w\u0142asnym nazwiskiem:<\/p>\n<ul>\n<li>Chopin \u2013 Impresje, 1994<\/li>\n<li>Makowicz vs Mo\u017cd\u017cer, The Carnegie Hall NYC, EMI 2004<\/li>\n<li>Piano, Arms Records 2004<\/li>\n<li>The Time \u2013 Mo\u017cd\u017cer, Danielsson, Fresco; Outside Music 2005 (status Diamentowej P\u0142yty)<\/li>\n<li>Between Us And The Light \u2013 Mo\u017cd\u017cer, Danielsson, Fresco; Outside Music 2006 (status Podw\u00f3jnej Platynowej P\u0142yty w dwa tygodnie powydaniu)<\/li>\n<li>Pasodoble \u2013 Lars Danielsson &amp; Leszek Mo\u017cd\u017cer, ACT 2007<\/li>\n<li>Live CD&amp;DVD \u2013 Mo\u017cd\u017cer, Danielsson, Fresco; Outside Music 2007<\/li>\n<li>Firebird VII \u2013 Phil Manzanera, Leszek Mo\u017cd\u017cer, Charles Hayward, Yaron Stavi; Expression Records 2008<\/li>\n<li>Kaczmarek by Mo\u017cd\u017cer, Universal 2010<\/li>\n<li>Komeda \u2013 Leszek Mo\u017cd\u017cer, Act Music 2011<\/li>\n<li>The Last Set, Live at The A Trane \u2013 Leszek Mo\u017cd\u017cer &amp; Walter Norris , Act Music 2012,<\/li>\n<li>Wszystkie Kobiety Mateusza, Outisde Music 2013<\/li>\n<li>Jazz at Berlin Philharmonic I z Iiro Rantal\u0105 i Michaelem Wollnym, Act Music 2013,<\/li>\n<li>Polska \u2013 Mo\u017cd\u017cer Danielsson Fresco, Outside Music, ActMusic, 2013 (status Podw\u00f3jnej Platynowej P\u0142yty)<\/li>\n<li>The Very Best of Leszek Mo\u017cd\u017cer, Magic Records 2014<\/li>\n<li>Jazz at Berlin Philharmonic III z Larsem Danielssonem, Zoharem Fresco i Atom String Quartet, Act Music 2015<\/li>\n<li>Jazz at Berlin Philharmonic VII Piano Night z Iiro Rantal\u0105 and Michaelem Wollny, Act Music 2017<\/li>\n<li>Earth Particles z Holland Baroque, Outside Music 2017<\/li>\n<\/ul>\n<p>Na uwag\u0119 zas\u0142uguj\u0105 tak\u017ce teatralne i filmowe realizacje Leszka Mo\u017cd\u017cera:<\/p>\n<ul>\n<li>\u201eHair \u2013 love, rock musical\u201d \u2013 Teatr Muzyczny w Gdyni<\/li>\n<li>\u201eTango with Lady M.\u201d \u2013 Polski Teatr Ta\u0144ca w Poznaniu<\/li>\n<li>\u201eSen Nocy Letniej\u201d \u2013 Teatr Muzyczny w Gdyni, Pa\u017adziernik 2001<\/li>\n<li>\u201ePsychosis Sarah Kane\u201d \u2013 w re\u017cyserii Grzegorza Jarzyny, sztuka wystawiana w Dusseldorfie<\/li>\n<li>\u201eRewizor\u201d \u2013 Miko\u0142aja Gogola w re\u017cyserii Andrzeja Domalika, Teatr Dramatyczny w Warszawie 2002<\/li>\n<li>\u201eMandarynki i Pomara\u0144cze\u201d \u2013 Juliana Tuwima w re\u017cyserii Wojciecha Ko\u015bcielniaka, Teatr Muzyczny Capitol, Wroc\u0142aw 2003<\/li>\n<li>\u201e\u015aluby Panie\u0144skie\u201d \u2013 Aleksandra Fredro w re\u017cyserii Jana Englerta, Teatr Narodowy w Warszawie, 2007<\/li>\n<li>\u201eOperetka\u201d \u2013 Witolda Gombrowicza w re\u017cyserii Micha\u0142a Zadary, Teatr Muzyczny Capitol, Wroc\u0142aw 2007<\/li>\n<li>\u201eKotka na gor\u0105cym blaszanym dachu\u201d- Tennessee Williamsa w re\u017cyserii Grzegorza Chrapkiewicza, Teatr Narodowy w Warszawie, 2013<\/li>\n<li>\u201eNienasycenie\u201d \u2013 Witold Grodecki<\/li>\n<li>\u201ePub 700\u201d , \u201eOstatnia wieczerza\u201d \u2013 Sylwester Latkowski<\/li>\n<li>\u201eLand of Oblivion\u201d \u2013 Michale Boganim<\/li>\n<li>\u201eW sypialni\u201d \u2013 Tomasz Wasilewski<\/li>\n<li>\u201eWszystkie kobiety Mateusza\u201d \u2013 Artur Wi\u0119cek \u201eBaron\u201d<\/li>\n<li>\u201e Albert Cinema\u201d \u2013 Agnieszka Zwiefka<\/li>\n<li>\u201eOpera z myd\u0142a\u201d \u2013 BodoKox<\/li>\n<\/ul>\n<p><em>Leszek Mo\u017cd\u017cer objawia si\u0119 zatem jako tw\u00f3rca nowej stylistyki w muzyce jazzowej, gdzie brzmienie\u00a0<\/em><em>i klimat budowane s\u0105 impresj\u0105 oraz nastrojem i niepowtarzalnym autorskim stylem wykonawczym. Mo\u017ce w\u0142a\u015bnie dlatego pianista przyjmowany jest jako elokwentny tw\u00f3rca jazzu m\u0142odego pokolenia: wyrafinowana propozycja artystyczna, z\u0142o\u017cona z muzycznych fascynacji i odkry\u0107 Leszka Mo\u017cd\u017cera &#8211; najpopularniejszego dzisiaj muzyka jazzowego w Polsce &#8211;\u00a0 (Dionizy Pi\u0105tkowski).<\/em><\/p>\n<p><em>\u00a0<\/em><\/p>\n","protected":false},"excerpt":{"rendered":"<p>Leszek Mo\u017cd\u017cer jest jednym z najwybitniejszych polskich muzyk\u00f3w jazzowych. To pianista \u015bwiatowej klasy, odwa\u017cny eksplorator i oryginalny tw\u00f3rca, wyr\u00f3\u017cniaj\u0105cy si\u0119 w\u0142asnym j\u0119zykiem muzycznym. Urodzi\u0142 si\u0119 23&#8230;<\/p>\n","protected":false},"author":1,"featured_media":5622,"parent":563,"menu_order":0,"comment_status":"open","ping_status":"open","template":"p-about.php","meta":[],"_links":{"self":[{"href":"https:\/\/mozdzer.com\/pl\/wp-json\/wp\/v2\/pages\/166"}],"collection":[{"href":"https:\/\/mozdzer.com\/pl\/wp-json\/wp\/v2\/pages"}],"about":[{"href":"https:\/\/mozdzer.com\/pl\/wp-json\/wp\/v2\/types\/page"}],"author":[{"embeddable":true,"href":"https:\/\/mozdzer.com\/pl\/wp-json\/wp\/v2\/users\/1"}],"replies":[{"embeddable":true,"href":"https:\/\/mozdzer.com\/pl\/wp-json\/wp\/v2\/comments?post=166"}],"version-history":[{"count":11,"href":"https:\/\/mozdzer.com\/pl\/wp-json\/wp\/v2\/pages\/166\/revisions"}],"predecessor-version":[{"id":6869,"href":"https:\/\/mozdzer.com\/pl\/wp-json\/wp\/v2\/pages\/166\/revisions\/6869"}],"up":[{"embeddable":true,"href":"https:\/\/mozdzer.com\/pl\/wp-json\/wp\/v2\/pages\/563"}],"wp:featuredmedia":[{"embeddable":true,"href":"https:\/\/mozdzer.com\/pl\/wp-json\/wp\/v2\/media\/5622"}],"wp:attachment":[{"href":"https:\/\/mozdzer.com\/pl\/wp-json\/wp\/v2\/media?parent=166"}],"curies":[{"name":"wp","href":"https:\/\/api.w.org\/{rel}","templated":true}]}}