{"id":9201,"date":"2024-09-04T17:07:25","date_gmt":"2024-09-04T15:07:25","guid":{"rendered":"https:\/\/mozdzer.com\/?page_id=9201\/"},"modified":"2024-09-04T17:07:25","modified_gmt":"2024-09-04T15:07:25","slug":"trio-mozdzer-danielsson-fresco-powraca-z-nowym-albumem-beamo","status":"publish","type":"page","link":"https:\/\/mozdzer.com\/pl\/trio-mozdzer-danielsson-fresco-powraca-z-nowym-albumem-beamo\/","title":{"rendered":"Trio Mo\u017cd\u017cer Danielsson Fresco powraca z nowym albumem &#8222;BEAMO&#8221;"},"content":{"rendered":"\n<p>Trio Mo\u017cd\u017cer Danielsson Fresco powraca z nowym albumem \u201cBEAMO\u201d.<img decoding=\"async\" loading=\"lazy\" height=\"16\" width=\"16\" alt=\"\ud83d\udce3\" src=\"https:\/\/static.xx.fbcdn.net\/images\/emoji.php\/v9\/t59\/2\/16\/1f4e3.png\"><img decoding=\"async\" loading=\"lazy\" height=\"16\" width=\"16\" alt=\"\ud83d\udce3\" src=\"https:\/\/static.xx.fbcdn.net\/images\/emoji.php\/v9\/t59\/2\/16\/1f4e3.png\"><\/p>\n\n\n\n<p>16.11 Lus\u0142awice EMC <a href=\"https:\/\/bkb.pl\/136734-149c7?fbclid=IwZXh0bgNhZW0CMTAAAR1yb2pNMhmPYZiMznYMoC-3H45zuO9lJ304-CRDBfZ0WC-E66HzxDJDKV4_aem_Gw5XUWGJFe19z_OkEoqJ2A\" rel=\"noreferrer noopener\" target=\"_blank\">https:\/\/bkb.pl\/136734-149c7<\/a><\/p>\n\n\n\n<p>17.11 Bielsko Bia\u0142a Cavatina <a href=\"https:\/\/bkb.pl\/136735-57fa6?fbclid=IwZXh0bgNhZW0CMTAAAR2H2FrKlJ1ZaXQtIqxO6Ykcvu0DJypXnG-Z7kZUV7ErKfR8b-28vVrl3Sw_aem_ChUHDlz_rMfZ8jjCcKhdWQ\" rel=\"noreferrer noopener\" target=\"_blank\">https:\/\/bkb.pl\/136735-57fa6<\/a><\/p>\n\n\n\n<p>18.11 Warszawa Teatr Muzyczny Roma <a href=\"https:\/\/bkb.pl\/136737-b88d1?fbclid=IwZXh0bgNhZW0CMTAAAR27ygymv5pC-I9sypWoEDMdPHiEV2zHjLjM7pzL65CxEwC6b1mZs-kCOjI_aem_nd3nRvnhuQvFpDmN3cP9BQ\" rel=\"noreferrer noopener\" target=\"_blank\">https:\/\/bkb.pl\/136737-b88d1<\/a><\/p>\n\n\n\n<p>19.11 Gdynia Teatr Muzyczny <a href=\"https:\/\/bkb.pl\/136737-b88d1?fbclid=IwZXh0bgNhZW0CMTAAAR3FiG-2L2wiKQm6UZVoSKymNH5OeNEKMsISWZ5cRkxzHJCKsmzy-E_slCM_aem_ssFnZjYO530pVx2ktS4DCg\" rel=\"noreferrer noopener\" target=\"_blank\">https:\/\/bkb.pl\/136737-b88d1<\/a><\/p>\n\n\n\n<p><a><\/a>20.11 \u0141\u00f3d\u017a Wytw\u00f3rnia <a href=\"https:\/\/l.facebook.com\/l.php?u=https%3A%2F%2Fekobilet.pl%2Fwytwornia%3Ffbclid%3DIwZXh0bgNhZW0CMTAAAR3SK4EeYnu8og-uE8-_ZMl_hMgnYEr7FE2gR8_fVQN_O5U4W1iL7WAKQkI_aem_DOJgr98FCkLYsAuQQf0A4A&amp;h=AT1G5gyfzIyJvbwMVZ9UYVqnHVt3S8eXq580hjx_Uky0smzW6t11muJPZuCLGsY7MpbkaFQd0M8-0uchH_4S0z-AUIpWxRhmCF6a1ybejqjXhLLDhdZgwY-oE9WWKI2J2UU9_Ok&amp;__tn__=-UK-R&amp;c[0]=AT0uQphULrkCiManY2SF8-0GdNa7XXGAFJTQRmGHWOw2pi25NmXA3kzuFZHfJV9wZSXMvXQzL7eCHEQv7-nfxkRL_EVTrJVcQEgCyRDXbc1qdXDBWHxm2v-lv6npwx9w-T19WhsCRdBwe1tafV-Z5ZXVXnMXNNgRAfkcianjSFM1ookWTFcCl1UtDEFmLlXLF4Rjhcyozm8XatqepLgX2lcPw_nIW2dr7rL_xg\" rel=\"noreferrer noopener\" target=\"_blank\">https:\/\/ekobilet.pl\/wytwornia<\/a><\/p>\n\n\n\n<p>24.11 Wroc\u0142aw RTCB <a href=\"https:\/\/l.facebook.com\/l.php?u=https%3A%2F%2Fbkb.pl%2F137741-1ce75%3Ffbclid%3DIwZXh0bgNhZW0CMTAAAR27ygymv5pC-I9sypWoEDMdPHiEV2zHjLjM7pzL65CxEwC6b1mZs-kCOjI_aem_nd3nRvnhuQvFpDmN3cP9BQ&amp;h=AT1pjY9Es8_oBUfHSJdP74OG-VfWn-9LOqKCwTk3HQfBbG0Ji08cOxbImnQz0zgSPF7StY01l78jlRFUze9DI5s7YRZOrsSbFAvifEFY780nKjS6MGFao_IBzj0xpeXWCyBkuyU&amp;__tn__=-UK-R&amp;c[0]=AT0uQphULrkCiManY2SF8-0GdNa7XXGAFJTQRmGHWOw2pi25NmXA3kzuFZHfJV9wZSXMvXQzL7eCHEQv7-nfxkRL_EVTrJVcQEgCyRDXbc1qdXDBWHxm2v-lv6npwx9w-T19WhsCRdBwe1tafV-Z5ZXVXnMXNNgRAfkcianjSFM1ookWTFcCl1UtDEFmLlXLF4Rjhcyozm8XatqepLgX2lcPw_nIW2dr7rL_xg\" rel=\"noreferrer noopener\" target=\"_blank\">https:\/\/bkb.pl\/137741-1ce75<\/a><\/p>\n\n\n\n<p>25.11 Katowice NOSPR <a href=\"https:\/\/l.facebook.com\/l.php?u=https%3A%2F%2Fbkb.pl%2F137740-18452%3Ffbclid%3DIwZXh0bgNhZW0CMTAAAR2w8MKLg5BHUC4i4OStbn4lD85GF5STa_FlbAyr8caP387f-S0rsXh5ZyI_aem_67BD8u_0706FntKc4Duhlg&amp;h=AT1A0JWOYT1J7kDzY3uShJXclfOBXzM8YAEem4z4UkjtgLxQJrdK7IwU2wgLphKVuLOjM-nc7MaJj3H2DQvlAMasxCfBeyEnTlHxd6zvlqYKX5B9slWdITPzMhhpsHx6aBZYpMo&amp;__tn__=-UK-R&amp;c[0]=AT0uQphULrkCiManY2SF8-0GdNa7XXGAFJTQRmGHWOw2pi25NmXA3kzuFZHfJV9wZSXMvXQzL7eCHEQv7-nfxkRL_EVTrJVcQEgCyRDXbc1qdXDBWHxm2v-lv6npwx9w-T19WhsCRdBwe1tafV-Z5ZXVXnMXNNgRAfkcianjSFM1ookWTFcCl1UtDEFmLlXLF4Rjhcyozm8XatqepLgX2lcPw_nIW2dr7rL_xg\" rel=\"noreferrer noopener\" target=\"_blank\">https:\/\/bkb.pl\/137740-18452<\/a><\/p>\n\n\n\n<p>Mo\u017cd\u017cer, Danielsson i Fresco poruszaj\u0105cy si\u0119 po trzech r\u00f3\u017cnych systemach strojenia naraz (440Hz, 432Hz, i system dekafoniczny &#8211; tworz\u0105 przestrzenie, w kt\u00f3rych muzyka staje si\u0119 tr\u00f3jwymiarowa.<\/p>\n\n\n\n<p>Mo\u017cd\u017cer Danielsson Fresco Trio is coming back with new, three-dimensional music.<\/p>\n\n\n\n<p>Live concerts in Poland!<\/p>\n\n\n\n<p>fot. Sisi Cecylia<\/p>\n\n\n\n<p>projekt: Micha\u0142 Wit Kowalski<\/p>\n","protected":false},"excerpt":{"rendered":"<p>Trio Mo\u017cd\u017cer Danielsson Fresco powraca z nowym albumem \u201cBEAMO\u201d. 16.11 Lus\u0142awice EMC https:\/\/bkb.pl\/136734-149c7 17.11 Bielsko Bia\u0142a Cavatina https:\/\/bkb.pl\/136735-57fa6 18.11 Warszawa Teatr Muzyczny Roma https:\/\/bkb.pl\/136737-b88d1 19.11 Gdynia&#8230;<\/p>\n","protected":false},"author":1,"featured_media":0,"parent":0,"menu_order":0,"comment_status":"closed","ping_status":"closed","template":"","meta":[],"_links":{"self":[{"href":"https:\/\/mozdzer.com\/pl\/wp-json\/wp\/v2\/pages\/9201"}],"collection":[{"href":"https:\/\/mozdzer.com\/pl\/wp-json\/wp\/v2\/pages"}],"about":[{"href":"https:\/\/mozdzer.com\/pl\/wp-json\/wp\/v2\/types\/page"}],"author":[{"embeddable":true,"href":"https:\/\/mozdzer.com\/pl\/wp-json\/wp\/v2\/users\/1"}],"replies":[{"embeddable":true,"href":"https:\/\/mozdzer.com\/pl\/wp-json\/wp\/v2\/comments?post=9201"}],"version-history":[{"count":1,"href":"https:\/\/mozdzer.com\/pl\/wp-json\/wp\/v2\/pages\/9201\/revisions"}],"predecessor-version":[{"id":9202,"href":"https:\/\/mozdzer.com\/pl\/wp-json\/wp\/v2\/pages\/9201\/revisions\/9202"}],"wp:attachment":[{"href":"https:\/\/mozdzer.com\/pl\/wp-json\/wp\/v2\/media?parent=9201"}],"curies":[{"name":"wp","href":"https:\/\/api.w.org\/{rel}","templated":true}]}}